{"id":21,"date":"2024-08-24T13:38:30","date_gmt":"2024-08-24T11:38:30","guid":{"rendered":"https:\/\/www.eyri.ch\/?page_id=21"},"modified":"2024-08-24T13:38:30","modified_gmt":"2024-08-24T11:38:30","slug":"ueber-uns","status":"publish","type":"page","link":"https:\/\/www.eyri.ch\/?page_id=21","title":{"rendered":"\u00dcber uns"},"content":{"rendered":"\n<p>Vielleicht bist du k\u00fcnstlerisch t\u00e4tig und m\u00f6chtest dich und deine Arbeiten hier vorstellen. Oder du hast vielleicht ein Unternehmen, dessen Mission du hier beschreiben m\u00f6chtest.<\/p>\n","protected":false},"excerpt":{"rendered":"<p>Vielleicht bist du k\u00fcnstlerisch t\u00e4tig und m\u00f6chtest dich und deine Arbeiten hier vorstellen. Oder du hast vielleicht ein Unternehmen, dessen Mission du hier beschreiben m\u00f6chtest.<\/p>\n","protected":false},"author":1,"featured_media":18,"parent":0,"menu_order":0,"comment_status":"closed","ping_status":"closed","template":"","meta":{"neve_meta_sidebar":"","neve_meta_container":"","neve_meta_enable_content_width":"","neve_meta_content_width":0,"neve_meta_title_alignment":"","neve_meta_author_avatar":"","neve_post_elements_order":"","neve_meta_disable_header":"","neve_meta_disable_footer":"","neve_meta_disable_title":"","footnotes":""},"class_list":["post-21","page","type-page","status-publish","has-post-thumbnail","hentry"],"_links":{"self":[{"href":"https:\/\/www.eyri.ch\/index.php?rest_route=\/wp\/v2\/pages\/21","targetHints":{"allow":["GET"]}}],"collection":[{"href":"https:\/\/www.eyri.ch\/index.php?rest_route=\/wp\/v2\/pages"}],"about":[{"href":"https:\/\/www.eyri.ch\/index.php?rest_route=\/wp\/v2\/types\/page"}],"author":[{"embeddable":true,"href":"https:\/\/www.eyri.ch\/index.php?rest_route=\/wp\/v2\/users\/1"}],"replies":[{"embeddable":true,"href":"https:\/\/www.eyri.ch\/index.php?rest_route=%2Fwp%2Fv2%2Fcomments&post=21"}],"version-history":[{"count":1,"href":"https:\/\/www.eyri.ch\/index.php?rest_route=\/wp\/v2\/pages\/21\/revisions"}],"predecessor-version":[{"id":27,"href":"https:\/\/www.eyri.ch\/index.php?rest_route=\/wp\/v2\/pages\/21\/revisions\/27"}],"wp:featuredmedia":[{"embeddable":true,"href":"https:\/\/www.eyri.ch\/index.php?rest_route=\/wp\/v2\/media\/18"}],"wp:attachment":[{"href":"https:\/\/www.eyri.ch\/index.php?rest_route=%2Fwp%2Fv2%2Fmedia&parent=21"}],"curies":[{"name":"wp","href":"https:\/\/api.w.org\/{rel}","templated":true}]}}